{"id":84,"date":"2025-09-15T09:19:46","date_gmt":"2025-09-15T09:19:46","guid":{"rendered":"https:\/\/uat.upeventi.com\/?page_id=84"},"modified":"2025-10-30T09:59:35","modified_gmt":"2025-10-30T09:59:35","slug":"contact","status":"publish","type":"page","link":"https:\/\/test.upeventi.com\/ro\/contact\/","title":{"rendered":"Contact"},"content":{"rendered":"\t\t<div data-elementor-type=\"wp-page\" data-elementor-id=\"84\" class=\"elementor elementor-84\" data-elementor-settings=\"{&quot;ha_cmc_init_switcher&quot;:&quot;no&quot;}\" data-elementor-post-type=\"page\">\n\t\t\t\t<div class=\"elementor-element elementor-element-8c9b330 e-con-full e-flex jltma-glass-effect-no wpr-particle-no wpr-jarallax-no wpr-parallax-no wpr-sticky-section-no e-con e-parent\" data-id=\"8c9b330\" data-element_type=\"container\" data-e-type=\"container\" data-settings=\"{&quot;background_background&quot;:&quot;classic&quot;,&quot;_ha_eqh_enable&quot;:false}\">\n\t\t<div class=\"elementor-element elementor-element-ed5ddbb e-con-full e-flex jltma-glass-effect-no wpr-particle-no wpr-jarallax-no wpr-parallax-no wpr-sticky-section-no e-con e-child\" data-id=\"ed5ddbb\" data-element_type=\"container\" data-e-type=\"container\" data-settings=\"{&quot;_ha_eqh_enable&quot;:false}\">\n\t\t\t\t<div class=\"elementor-element elementor-element-5581e33 jltma-glass-effect-no elementor-widget elementor-widget-heading\" data-id=\"5581e33\" data-element_type=\"widget\" data-e-type=\"widget\" data-widget_type=\"heading.default\">\n\t\t\t\t<div class=\"elementor-widget-container\">\n\t\t\t\t\t<h2 class=\"elementor-heading-title elementor-size-default\">Contacta\u021bi-ne<\/h2>\t\t\t\t<\/div>\n\t\t\t\t<\/div>\n\t\t\t\t<\/div>\n\t\t<div class=\"elementor-element elementor-element-ec83445 e-con-full e-flex jltma-glass-effect-no wpr-particle-no wpr-jarallax-no wpr-parallax-no wpr-sticky-section-no e-con e-child\" data-id=\"ec83445\" data-element_type=\"container\" data-e-type=\"container\" data-settings=\"{&quot;background_background&quot;:&quot;classic&quot;,&quot;_ha_eqh_enable&quot;:false}\">\n\t\t<div class=\"elementor-element elementor-element-82ea6a1 e-flex e-con-boxed jltma-glass-effect-no wpr-particle-no wpr-jarallax-no wpr-parallax-no wpr-sticky-section-no e-con e-child\" data-id=\"82ea6a1\" data-element_type=\"container\" data-e-type=\"container\" data-settings=\"{&quot;_ha_eqh_enable&quot;:false}\">\n\t\t\t\t\t<div class=\"e-con-inner\">\n\t\t\t\t<div class=\"elementor-element elementor-element-1ae9a2b elementor-mobile-align-center jltma-glass-effect-no elementor-widget elementor-widget-button\" data-id=\"1ae9a2b\" data-element_type=\"widget\" data-e-type=\"widget\" data-widget_type=\"button.default\">\n\t\t\t\t<div class=\"elementor-widget-container\">\n\t\t\t\t\t\t\t\t\t<div class=\"elementor-button-wrapper\">\n\t\t\t\t\t<a class=\"elementor-button elementor-button-link elementor-size-sm\" href=\"#elementor-action%3Aaction%3Dpopup%3Aopen%26settings%3DeyJpZCI6MTQxNiwidG9nZ2xlIjpmYWxzZX0%3D\">\n\t\t\t\t\t\t<span class=\"elementor-button-content-wrapper\">\n\t\t\t\t\t\t\t\t\t<span class=\"elementor-button-text\">Furnizori \u0219i profesioni\u0219ti<\/span>\n\t\t\t\t\t<\/span>\n\t\t\t\t\t<\/a>\n\t\t\t\t<\/div>\n\t\t\t\t\t\t\t\t<\/div>\n\t\t\t\t<\/div>\n\t\t\t\t<div class=\"elementor-element elementor-element-90517e4 jltma-glass-effect-no elementor-widget elementor-widget-button\" data-id=\"90517e4\" data-element_type=\"widget\" data-e-type=\"widget\" data-widget_type=\"button.default\">\n\t\t\t\t<div class=\"elementor-widget-container\">\n\t\t\t\t\t\t\t\t\t<div class=\"elementor-button-wrapper\">\n\t\t\t\t\t<a class=\"elementor-button elementor-button-link elementor-size-sm\" href=\"#elementor-action%3Aaction%3Dpopup%3Aopen%26settings%3DeyJpZCI6MTQzMCwidG9nZ2xlIjpmYWxzZX0%3D\">\n\t\t\t\t\t\t<span class=\"elementor-button-content-wrapper\">\n\t\t\t\t\t\t\t\t\t<span class=\"elementor-button-text\">Clien\u021bi<\/span>\n\t\t\t\t\t<\/span>\n\t\t\t\t\t<\/a>\n\t\t\t\t<\/div>\n\t\t\t\t\t\t\t\t<\/div>\n\t\t\t\t<\/div>\n\t\t\t\t\t<\/div>\n\t\t\t\t<\/div>\n\t\t\t\t<\/div>\n\t\t\t\t<\/div>\n\t\t\t\t<\/div>\n\t\t\n    <div class=\"xs_social_share_widget xs_share_url after_content \t\tmain_content  wslu-style-1 wslu-share-box-shaped wslu-fill-colored wslu-none wslu-share-horizontal wslu-theme-font-no wslu-main_content\">\n\n\t\t\n        <ul>\n\t\t\t        <\/ul>\n    <\/div> \n","protected":false},"excerpt":{"rendered":"<p>Contacta\u021bi-ne Furnizori \u0219i profesioni\u0219ti Clien\u021bi<\/p>\n","protected":false},"author":1,"featured_media":0,"parent":0,"menu_order":0,"comment_status":"closed","ping_status":"closed","template":"elementor_header_footer","meta":{"postBodyCss":"","postBodyMargin":[],"postBodyPadding":[],"postBodyBackground":{"backgroundType":"classic","gradient":""},"site-sidebar-layout":"no-sidebar","site-content-layout":"","ast-site-content-layout":"full-width-container","site-content-style":"default","site-sidebar-style":"default","ast-global-header-display":"","ast-banner-title-visibility":"","ast-main-header-display":"","ast-hfb-above-header-display":"","ast-hfb-below-header-display":"","ast-hfb-mobile-header-display":"","site-post-title":"","ast-breadcrumbs-content":"","ast-featured-img":"disabled","footer-sml-layout":"","ast-disable-related-posts":"","theme-transparent-header-meta":"","adv-header-id-meta":"","stick-header-meta":"","header-above-stick-meta":"","header-main-stick-meta":"","header-below-stick-meta":"","astra-migrate-meta-layouts":"default","ast-page-background-enabled":"default","ast-page-background-meta":{"desktop":{"background-color":"var(--ast-global-color-5)","background-image":"","background-repeat":"repeat","background-position":"center center","background-size":"auto","background-attachment":"scroll","background-type":"","background-media":"","overlay-type":"","overlay-color":"","overlay-opacity":"","overlay-gradient":""},"tablet":{"background-color":"","background-image":"","background-repeat":"repeat","background-position":"center center","background-size":"auto","background-attachment":"scroll","background-type":"","background-media":"","overlay-type":"","overlay-color":"","overlay-opacity":"","overlay-gradient":""},"mobile":{"background-color":"","background-image":"","background-repeat":"repeat","background-position":"center center","background-size":"auto","background-attachment":"scroll","background-type":"","background-media":"","overlay-type":"","overlay-color":"","overlay-opacity":"","overlay-gradient":""}},"ast-content-background-meta":{"desktop":{"background-color":"var(--ast-global-color-4)","background-image":"","background-repeat":"repeat","background-position":"center center","background-size":"auto","background-attachment":"scroll","background-type":"","background-media":"","overlay-type":"","overlay-color":"","overlay-opacity":"","overlay-gradient":""},"tablet":{"background-color":"var(--ast-global-color-4)","background-image":"","background-repeat":"repeat","background-position":"center center","background-size":"auto","background-attachment":"scroll","background-type":"","background-media":"","overlay-type":"","overlay-color":"","overlay-opacity":"","overlay-gradient":""},"mobile":{"background-color":"var(--ast-global-color-4)","background-image":"","background-repeat":"repeat","background-position":"center center","background-size":"auto","background-attachment":"scroll","background-type":"","background-media":"","overlay-type":"","overlay-color":"","overlay-opacity":"","overlay-gradient":""}},"footnotes":""},"class_list":["post-84","page","type-page","status-publish","hentry"],"yoast_head":"<!-- This site is optimized with the Yoast SEO plugin v27.3 - https:\/\/yoast.com\/product\/yoast-seo-wordpress\/ -->\n<title>Contact UpEventi | Platforma pentru Organizarea Evenimentelor<\/title>\n<meta name=\"description\" content=\"Contact UpEventi pentru detalii despre platform\u0103, oferte sau parteneriate. \u00cempreun\u0103 facem organizarea evenimentelor mai simpl\u0103.\" \/>\n<meta name=\"robots\" content=\"index, follow, max-snippet:-1, max-image-preview:large, max-video-preview:-1\" \/>\n<link rel=\"canonical\" href=\"https:\/\/test.upeventi.com\/ro\/contact\/\" \/>\n<meta property=\"og:locale\" content=\"ro_RO\" \/>\n<meta property=\"og:type\" content=\"article\" \/>\n<meta property=\"og:title\" content=\"Contact UpEventi | Platforma pentru Organizarea Evenimentelor\" \/>\n<meta property=\"og:description\" content=\"Contact UpEventi pentru detalii despre platform\u0103, oferte sau parteneriate. \u00cempreun\u0103 facem organizarea evenimentelor mai simpl\u0103.\" \/>\n<meta property=\"og:url\" content=\"https:\/\/test.upeventi.com\/ro\/contact\/\" \/>\n<meta property=\"og:site_name\" content=\"UpEventi\" \/>\n<meta property=\"article:modified_time\" content=\"2025-10-30T09:59:35+00:00\" \/>\n<meta name=\"twitter:card\" content=\"summary_large_image\" \/>\n<meta name=\"twitter:label1\" content=\"Timp estimat pentru citire\" \/>\n\t<meta name=\"twitter:data1\" content=\"1 minut\" \/>\n<script type=\"application\/ld+json\" class=\"yoast-schema-graph\">{\"@context\":\"https:\\\/\\\/schema.org\",\"@graph\":[{\"@type\":\"WebPage\",\"@id\":\"https:\\\/\\\/test.upeventi.com\\\/ro\\\/contact\\\/\",\"url\":\"https:\\\/\\\/test.upeventi.com\\\/ro\\\/contact\\\/\",\"name\":\"Contact UpEventi | Platforma pentru Organizarea Evenimentelor\",\"isPartOf\":{\"@id\":\"https:\\\/\\\/uat.upeventi.com\\\/#website\"},\"datePublished\":\"2025-09-15T09:19:46+00:00\",\"dateModified\":\"2025-10-30T09:59:35+00:00\",\"description\":\"Contact UpEventi pentru detalii despre platform\u0103, oferte sau parteneriate. \u00cempreun\u0103 facem organizarea evenimentelor mai simpl\u0103.\",\"breadcrumb\":{\"@id\":\"https:\\\/\\\/test.upeventi.com\\\/ro\\\/contact\\\/#breadcrumb\"},\"inLanguage\":\"ro-RO\",\"potentialAction\":[{\"@type\":\"ReadAction\",\"target\":[\"https:\\\/\\\/test.upeventi.com\\\/ro\\\/contact\\\/\"]}]},{\"@type\":\"BreadcrumbList\",\"@id\":\"https:\\\/\\\/test.upeventi.com\\\/ro\\\/contact\\\/#breadcrumb\",\"itemListElement\":[{\"@type\":\"ListItem\",\"position\":1,\"name\":\"Home\",\"item\":\"https:\\\/\\\/uat.upeventi.com\\\/ro\\\/\"},{\"@type\":\"ListItem\",\"position\":2,\"name\":\"Contact\"}]},{\"@type\":\"WebSite\",\"@id\":\"https:\\\/\\\/uat.upeventi.com\\\/#website\",\"url\":\"https:\\\/\\\/uat.upeventi.com\\\/\",\"name\":\"UpEventi\",\"description\":\"\",\"publisher\":{\"@id\":\"https:\\\/\\\/uat.upeventi.com\\\/#organization\"},\"potentialAction\":[{\"@type\":\"SearchAction\",\"target\":{\"@type\":\"EntryPoint\",\"urlTemplate\":\"https:\\\/\\\/uat.upeventi.com\\\/?s={search_term_string}\"},\"query-input\":{\"@type\":\"PropertyValueSpecification\",\"valueRequired\":true,\"valueName\":\"search_term_string\"}}],\"inLanguage\":\"ro-RO\"},{\"@type\":\"Organization\",\"@id\":\"https:\\\/\\\/uat.upeventi.com\\\/#organization\",\"name\":\"UpEventi\",\"url\":\"https:\\\/\\\/uat.upeventi.com\\\/\",\"logo\":{\"@type\":\"ImageObject\",\"inLanguage\":\"ro-RO\",\"@id\":\"https:\\\/\\\/uat.upeventi.com\\\/#\\\/schema\\\/logo\\\/image\\\/\",\"url\":\"https:\\\/\\\/test.upeventi.com\\\/wp-content\\\/uploads\\\/2025\\\/09\\\/Logo-upeventi-e1757942246156.png\",\"contentUrl\":\"https:\\\/\\\/test.upeventi.com\\\/wp-content\\\/uploads\\\/2025\\\/09\\\/Logo-upeventi-e1757942246156.png\",\"width\":519,\"height\":194,\"caption\":\"UpEventi\"},\"image\":{\"@id\":\"https:\\\/\\\/uat.upeventi.com\\\/#\\\/schema\\\/logo\\\/image\\\/\"},\"sameAs\":[\"https:\\\/\\\/www.instagram.com\\\/up_eventi_\",\"https:\\\/\\\/www.tiktok.com\\\/@up.eventi_\"]}]}<\/script>\n<!-- \/ Yoast SEO plugin. -->","yoast_head_json":{"title":"Contact UpEventi | Platforma pentru Organizarea Evenimentelor","description":"Contact UpEventi pentru detalii despre platform\u0103, oferte sau parteneriate. \u00cempreun\u0103 facem organizarea evenimentelor mai simpl\u0103.","robots":{"index":"index","follow":"follow","max-snippet":"max-snippet:-1","max-image-preview":"max-image-preview:large","max-video-preview":"max-video-preview:-1"},"canonical":"https:\/\/test.upeventi.com\/ro\/contact\/","og_locale":"ro_RO","og_type":"article","og_title":"Contact UpEventi | Platforma pentru Organizarea Evenimentelor","og_description":"Contact UpEventi pentru detalii despre platform\u0103, oferte sau parteneriate. \u00cempreun\u0103 facem organizarea evenimentelor mai simpl\u0103.","og_url":"https:\/\/test.upeventi.com\/ro\/contact\/","og_site_name":"UpEventi","article_modified_time":"2025-10-30T09:59:35+00:00","twitter_card":"summary_large_image","twitter_misc":{"Timp estimat pentru citire":"1 minut"},"schema":{"@context":"https:\/\/schema.org","@graph":[{"@type":"WebPage","@id":"https:\/\/test.upeventi.com\/ro\/contact\/","url":"https:\/\/test.upeventi.com\/ro\/contact\/","name":"Contact UpEventi | Platforma pentru Organizarea Evenimentelor","isPartOf":{"@id":"https:\/\/uat.upeventi.com\/#website"},"datePublished":"2025-09-15T09:19:46+00:00","dateModified":"2025-10-30T09:59:35+00:00","description":"Contact UpEventi pentru detalii despre platform\u0103, oferte sau parteneriate. \u00cempreun\u0103 facem organizarea evenimentelor mai simpl\u0103.","breadcrumb":{"@id":"https:\/\/test.upeventi.com\/ro\/contact\/#breadcrumb"},"inLanguage":"ro-RO","potentialAction":[{"@type":"ReadAction","target":["https:\/\/test.upeventi.com\/ro\/contact\/"]}]},{"@type":"BreadcrumbList","@id":"https:\/\/test.upeventi.com\/ro\/contact\/#breadcrumb","itemListElement":[{"@type":"ListItem","position":1,"name":"Home","item":"https:\/\/uat.upeventi.com\/ro\/"},{"@type":"ListItem","position":2,"name":"Contact"}]},{"@type":"WebSite","@id":"https:\/\/uat.upeventi.com\/#website","url":"https:\/\/uat.upeventi.com\/","name":"UpEventi","description":"","publisher":{"@id":"https:\/\/uat.upeventi.com\/#organization"},"potentialAction":[{"@type":"SearchAction","target":{"@type":"EntryPoint","urlTemplate":"https:\/\/uat.upeventi.com\/?s={search_term_string}"},"query-input":{"@type":"PropertyValueSpecification","valueRequired":true,"valueName":"search_term_string"}}],"inLanguage":"ro-RO"},{"@type":"Organization","@id":"https:\/\/uat.upeventi.com\/#organization","name":"UpEventi","url":"https:\/\/uat.upeventi.com\/","logo":{"@type":"ImageObject","inLanguage":"ro-RO","@id":"https:\/\/uat.upeventi.com\/#\/schema\/logo\/image\/","url":"https:\/\/test.upeventi.com\/wp-content\/uploads\/2025\/09\/Logo-upeventi-e1757942246156.png","contentUrl":"https:\/\/test.upeventi.com\/wp-content\/uploads\/2025\/09\/Logo-upeventi-e1757942246156.png","width":519,"height":194,"caption":"UpEventi"},"image":{"@id":"https:\/\/uat.upeventi.com\/#\/schema\/logo\/image\/"},"sameAs":["https:\/\/www.instagram.com\/up_eventi_","https:\/\/www.tiktok.com\/@up.eventi_"]}]}},"_links":{"self":[{"href":"https:\/\/test.upeventi.com\/ro\/wp-json\/wp\/v2\/pages\/84","targetHints":{"allow":["GET"]}}],"collection":[{"href":"https:\/\/test.upeventi.com\/ro\/wp-json\/wp\/v2\/pages"}],"about":[{"href":"https:\/\/test.upeventi.com\/ro\/wp-json\/wp\/v2\/types\/page"}],"author":[{"embeddable":true,"href":"https:\/\/test.upeventi.com\/ro\/wp-json\/wp\/v2\/users\/1"}],"replies":[{"embeddable":true,"href":"https:\/\/test.upeventi.com\/ro\/wp-json\/wp\/v2\/comments?post=84"}],"version-history":[{"count":71,"href":"https:\/\/test.upeventi.com\/ro\/wp-json\/wp\/v2\/pages\/84\/revisions"}],"predecessor-version":[{"id":1862,"href":"https:\/\/test.upeventi.com\/ro\/wp-json\/wp\/v2\/pages\/84\/revisions\/1862"}],"wp:attachment":[{"href":"https:\/\/test.upeventi.com\/ro\/wp-json\/wp\/v2\/media?parent=84"}],"curies":[{"name":"wp","href":"https:\/\/api.w.org\/{rel}","templated":true}]}}